{"id":494,"date":"2020-05-07T16:08:54","date_gmt":"2020-05-07T14:08:54","guid":{"rendered":"https:\/\/madlen-sell.ch\/?page_id=494"},"modified":"2021-11-03T00:37:49","modified_gmt":"2021-11-02T23:37:49","slug":"prevention","status":"publish","type":"page","link":"https:\/\/madlen-sell.ch\/fr\/prevention\/","title":{"rendered":"Pr\u00e9vention des addictions en entreprise"},"content":{"rendered":"<div id=\"cs-content\" class=\"cs-content\"><\/div>\n","protected":false},"excerpt":{"rendered":"<p>Pr\u00e9vention des addictions en entrepriseLes probl\u00e8mes d&rsquo;addiction sont largement r\u00e9pandus dans le fonctionnement quotidien d&rsquo;une entreprise et ont des effets directs sur la productivit\u00e9 et l&rsquo;ambiance de travail. Des mesures cibl\u00e9es sur la pr\u00e9vention et le d\u00e9pistage pr\u00e9coce des addictions ainsi que des aides concr\u00e8tes individualis\u00e9es deviennent dans ce contexte de plus en plus importants. En coop\u00e9ration avec la PD &#8230; <\/p>\n<div><a href=\"https:\/\/madlen-sell.ch\/fr\/prevention\/\" class=\"more-link\">Read More<\/a><\/div>\n","protected":false},"author":1,"featured_media":0,"parent":0,"menu_order":0,"comment_status":"closed","ping_status":"closed","template":"template-blank-4.php","meta":{"footnotes":""},"class_list":["post-494","page","type-page","status-publish","hentry","no-post-thumbnail"],"_links":{"self":[{"href":"https:\/\/madlen-sell.ch\/fr\/wp-json\/wp\/v2\/pages\/494","targetHints":{"allow":["GET"]}}],"collection":[{"href":"https:\/\/madlen-sell.ch\/fr\/wp-json\/wp\/v2\/pages"}],"about":[{"href":"https:\/\/madlen-sell.ch\/fr\/wp-json\/wp\/v2\/types\/page"}],"author":[{"embeddable":true,"href":"https:\/\/madlen-sell.ch\/fr\/wp-json\/wp\/v2\/users\/1"}],"replies":[{"embeddable":true,"href":"https:\/\/madlen-sell.ch\/fr\/wp-json\/wp\/v2\/comments?post=494"}],"version-history":[{"count":31,"href":"https:\/\/madlen-sell.ch\/fr\/wp-json\/wp\/v2\/pages\/494\/revisions"}],"predecessor-version":[{"id":878,"href":"https:\/\/madlen-sell.ch\/fr\/wp-json\/wp\/v2\/pages\/494\/revisions\/878"}],"wp:attachment":[{"href":"https:\/\/madlen-sell.ch\/fr\/wp-json\/wp\/v2\/media?parent=494"}],"curies":[{"name":"wp","href":"https:\/\/api.w.org\/{rel}","templated":true}]}}