{"id":504,"date":"2020-05-06T18:09:02","date_gmt":"2020-05-06T16:09:02","guid":{"rendered":"https:\/\/madlen-sell.ch\/diagnostik\/"},"modified":"2021-11-03T00:31:10","modified_gmt":"2021-11-02T23:31:10","slug":"diagnostik","status":"publish","type":"page","link":"https:\/\/madlen-sell.ch\/fr\/diagnostik\/","title":{"rendered":"M\u00e9thodes Projectives"},"content":{"rendered":"<div id=\"cs-content\" class=\"cs-content\"><\/div>\n","protected":false},"excerpt":{"rendered":"<p>M\u00e9thodes projectivesLe test de Rorschach et le Thematic Apperception Test (TAT) sont les m\u00e9thodes les plus fr\u00e9quemment utilis\u00e9es dans le domaine du diagnostic projectif. Contrairement aux questionnaires standardis\u00e9s, susceptibles d&rsquo;appr\u00e9hender uniquement les parties conscientes de notre personnalit\u00e9, les m\u00e9thodes projectives font \u00e9galement appel aux parties inconscientes et les rendent accessibles \u00e0 l&rsquo;interpr\u00e9tation. Les stimuli ambigus du mat\u00e9riel de test nous &#8230; <\/p>\n<div><a href=\"https:\/\/madlen-sell.ch\/fr\/diagnostik\/\" class=\"more-link\">Read More<\/a><\/div>\n","protected":false},"author":1,"featured_media":0,"parent":0,"menu_order":0,"comment_status":"closed","ping_status":"closed","template":"template-blank-4.php","meta":{"footnotes":""},"class_list":["post-504","page","type-page","status-publish","hentry","no-post-thumbnail"],"_links":{"self":[{"href":"https:\/\/madlen-sell.ch\/fr\/wp-json\/wp\/v2\/pages\/504","targetHints":{"allow":["GET"]}}],"collection":[{"href":"https:\/\/madlen-sell.ch\/fr\/wp-json\/wp\/v2\/pages"}],"about":[{"href":"https:\/\/madlen-sell.ch\/fr\/wp-json\/wp\/v2\/types\/page"}],"author":[{"embeddable":true,"href":"https:\/\/madlen-sell.ch\/fr\/wp-json\/wp\/v2\/users\/1"}],"replies":[{"embeddable":true,"href":"https:\/\/madlen-sell.ch\/fr\/wp-json\/wp\/v2\/comments?post=504"}],"version-history":[{"count":30,"href":"https:\/\/madlen-sell.ch\/fr\/wp-json\/wp\/v2\/pages\/504\/revisions"}],"predecessor-version":[{"id":877,"href":"https:\/\/madlen-sell.ch\/fr\/wp-json\/wp\/v2\/pages\/504\/revisions\/877"}],"wp:attachment":[{"href":"https:\/\/madlen-sell.ch\/fr\/wp-json\/wp\/v2\/media?parent=504"}],"curies":[{"name":"wp","href":"https:\/\/api.w.org\/{rel}","templated":true}]}}