{"id":513,"date":"2020-05-06T12:59:20","date_gmt":"2020-05-06T10:59:20","guid":{"rendered":"https:\/\/madlen-sell.ch\/beratung\/"},"modified":"2021-11-03T00:28:41","modified_gmt":"2021-11-02T23:28:41","slug":"consultations","status":"publish","type":"page","link":"https:\/\/madlen-sell.ch\/fr\/consultations\/","title":{"rendered":"Consultations psychologiques"},"content":{"rendered":"<div id=\"cs-content\" class=\"cs-content\"><\/div>\n","protected":false},"excerpt":{"rendered":"<p>Consultations psychologiques&#x25b8;Qui b\u00e9n\u00e9ficie d\u2019une consultation\u00a0?Les consultations procurent : Soutien et appui dans une situation de vie difficile Orientation dans votre d\u00e9veloppement personnel ou professionnel Soutien dans le choix d&rsquo;une approche psychoth\u00e9rapeutique appropri\u00e9e et dans la recherche d&rsquo;un psychoth\u00e9rapeute Couverture de la p\u00e9riode d&rsquo;attente jusqu&rsquo;au commencement d&rsquo;une psychoth\u00e9rapie Meilleure compr\u00e9hension de la maladie psychiatrique d&rsquo;un parent ou d&rsquo;un proche Pr\u00e9vention d&rsquo;un &#8230; <\/p>\n<div><a href=\"https:\/\/madlen-sell.ch\/fr\/consultations\/\" class=\"more-link\">Read More<\/a><\/div>\n","protected":false},"author":1,"featured_media":0,"parent":0,"menu_order":0,"comment_status":"closed","ping_status":"closed","template":"template-blank-4.php","meta":{"footnotes":""},"class_list":["post-513","page","type-page","status-publish","hentry","no-post-thumbnail"],"_links":{"self":[{"href":"https:\/\/madlen-sell.ch\/fr\/wp-json\/wp\/v2\/pages\/513","targetHints":{"allow":["GET"]}}],"collection":[{"href":"https:\/\/madlen-sell.ch\/fr\/wp-json\/wp\/v2\/pages"}],"about":[{"href":"https:\/\/madlen-sell.ch\/fr\/wp-json\/wp\/v2\/types\/page"}],"author":[{"embeddable":true,"href":"https:\/\/madlen-sell.ch\/fr\/wp-json\/wp\/v2\/users\/1"}],"replies":[{"embeddable":true,"href":"https:\/\/madlen-sell.ch\/fr\/wp-json\/wp\/v2\/comments?post=513"}],"version-history":[{"count":20,"href":"https:\/\/madlen-sell.ch\/fr\/wp-json\/wp\/v2\/pages\/513\/revisions"}],"predecessor-version":[{"id":876,"href":"https:\/\/madlen-sell.ch\/fr\/wp-json\/wp\/v2\/pages\/513\/revisions\/876"}],"wp:attachment":[{"href":"https:\/\/madlen-sell.ch\/fr\/wp-json\/wp\/v2\/media?parent=513"}],"curies":[{"name":"wp","href":"https:\/\/api.w.org\/{rel}","templated":true}]}}