{"id":532,"date":"2020-09-01T12:10:16","date_gmt":"2020-09-01T10:10:16","guid":{"rendered":"https:\/\/madlen-sell.ch\/?page_id=532"},"modified":"2022-11-19T14:51:26","modified_gmt":"2022-11-19T13:51:26","slug":"publications","status":"publish","type":"page","link":"https:\/\/madlen-sell.ch\/fr\/publications\/","title":{"rendered":"Publications &#038; Expos\u00e9s"},"content":{"rendered":"<div id=\"cs-content\" class=\"cs-content\"><\/div>\n","protected":false},"excerpt":{"rendered":"<p>Publications &amp; Expos\u00e9s Publications20212016201520142013Anatomie des Amoklaufs. Malaiischer M\u0115ngamok und School Shooting. (= Edition Centaurus \u2013 Neuere Medizin- und Wissenschaftsgeschichte), Wiesbaden: Springer VS 2021.Befunde zur psychischen Komorbidit\u00e4t und pers\u00f6nlichkeitsbezogenen Charakteristiken bei Internetabh\u00e4ngigkeit. (Mit Tagrid Lem\u00e9nager, Julia Dieter, Falk Kiefer &amp; Karl Mann) In: SUCHT \u2013 Zeitschrift f\u00fcr Wissenschaft und Praxis 62 (2016): S-09-004. Neue Immuntherapie nutzt Abwehrzellen gegen Blutkrebs, dpa-Meldung vom &#8230; <\/p>\n<div><a href=\"https:\/\/madlen-sell.ch\/fr\/publications\/\" class=\"more-link\">Read More<\/a><\/div>\n","protected":false},"author":1,"featured_media":0,"parent":0,"menu_order":0,"comment_status":"closed","ping_status":"closed","template":"template-blank-4.php","meta":{"footnotes":""},"class_list":["post-532","page","type-page","status-publish","hentry","no-post-thumbnail"],"_links":{"self":[{"href":"https:\/\/madlen-sell.ch\/fr\/wp-json\/wp\/v2\/pages\/532","targetHints":{"allow":["GET"]}}],"collection":[{"href":"https:\/\/madlen-sell.ch\/fr\/wp-json\/wp\/v2\/pages"}],"about":[{"href":"https:\/\/madlen-sell.ch\/fr\/wp-json\/wp\/v2\/types\/page"}],"author":[{"embeddable":true,"href":"https:\/\/madlen-sell.ch\/fr\/wp-json\/wp\/v2\/users\/1"}],"replies":[{"embeddable":true,"href":"https:\/\/madlen-sell.ch\/fr\/wp-json\/wp\/v2\/comments?post=532"}],"version-history":[{"count":31,"href":"https:\/\/madlen-sell.ch\/fr\/wp-json\/wp\/v2\/pages\/532\/revisions"}],"predecessor-version":[{"id":925,"href":"https:\/\/madlen-sell.ch\/fr\/wp-json\/wp\/v2\/pages\/532\/revisions\/925"}],"wp:attachment":[{"href":"https:\/\/madlen-sell.ch\/fr\/wp-json\/wp\/v2\/media?parent=532"}],"curies":[{"name":"wp","href":"https:\/\/api.w.org\/{rel}","templated":true}]}}