{"id":540,"date":"2020-09-01T13:18:12","date_gmt":"2020-09-01T11:18:12","guid":{"rendered":"https:\/\/madlen-sell.ch\/?page_id=540"},"modified":"2025-06-18T17:26:01","modified_gmt":"2025-06-18T15:26:01","slug":"a-propos","status":"publish","type":"page","link":"https:\/\/madlen-sell.ch\/fr\/a-propos\/","title":{"rendered":"\u00c0 propos de"},"content":{"rendered":"<div id=\"cs-content\" class=\"cs-content\"><\/div>\n","protected":false},"excerpt":{"rendered":"<p>Dr. med. Madlen Sell, M. Sc. Dipl\u00f4m\u00e9e de l&rsquo;Universit\u00e9 de Strasbourg en 2008 et de l&rsquo;Universit\u00e9 de Heidelberg en 2018 Titulaire du Master Professionnel \u00ab Psychologie et psychopathologie cliniques \u00bb Doctorat en m\u00e9decine de l&rsquo;Universit\u00e9 de Heidelberg Membre de la chambre des m\u00e9decins de la Hesse, Allemagne Exp\u00e9rience professionnelleDepuis Octobre 2025Clinique psychiatrique universitaire de ZurichM&eacute;decin en chef ad interim en &#8230; <\/p>\n<div><a href=\"https:\/\/madlen-sell.ch\/fr\/a-propos\/\" class=\"more-link\">Read More<\/a><\/div>\n","protected":false},"author":1,"featured_media":0,"parent":0,"menu_order":0,"comment_status":"closed","ping_status":"closed","template":"template-blank-4.php","meta":{"footnotes":""},"class_list":["post-540","page","type-page","status-publish","hentry","no-post-thumbnail"],"_links":{"self":[{"href":"https:\/\/madlen-sell.ch\/fr\/wp-json\/wp\/v2\/pages\/540","targetHints":{"allow":["GET"]}}],"collection":[{"href":"https:\/\/madlen-sell.ch\/fr\/wp-json\/wp\/v2\/pages"}],"about":[{"href":"https:\/\/madlen-sell.ch\/fr\/wp-json\/wp\/v2\/types\/page"}],"author":[{"embeddable":true,"href":"https:\/\/madlen-sell.ch\/fr\/wp-json\/wp\/v2\/users\/1"}],"replies":[{"embeddable":true,"href":"https:\/\/madlen-sell.ch\/fr\/wp-json\/wp\/v2\/comments?post=540"}],"version-history":[{"count":27,"href":"https:\/\/madlen-sell.ch\/fr\/wp-json\/wp\/v2\/pages\/540\/revisions"}],"predecessor-version":[{"id":955,"href":"https:\/\/madlen-sell.ch\/fr\/wp-json\/wp\/v2\/pages\/540\/revisions\/955"}],"wp:attachment":[{"href":"https:\/\/madlen-sell.ch\/fr\/wp-json\/wp\/v2\/media?parent=540"}],"curies":[{"name":"wp","href":"https:\/\/api.w.org\/{rel}","templated":true}]}}