{"id":567,"date":"2020-09-01T21:30:36","date_gmt":"2020-09-01T19:30:36","guid":{"rendered":"https:\/\/madlen-sell.ch\/?page_id=567"},"modified":"2022-01-16T21:44:49","modified_gmt":"2022-01-16T20:44:49","slug":"bienvenue","status":"publish","type":"page","link":"https:\/\/madlen-sell.ch\/fr\/","title":{"rendered":"Bienvenue"},"content":{"rendered":"<div id=\"cs-content\" class=\"cs-content\"><\/div>\n","protected":false},"excerpt":{"rendered":"<p>BienvenueBienvenue sur le site internet de Madlen Sell. Je suis titulaire du Master Professionnel \u00ab Psychologie et psychopathologie cliniques \u00bb de l&rsquo;Universit\u00e9 de Strasbourg et dispose d&rsquo;un doctorat en m\u00e9decine de l&rsquo;Universit\u00e9 de Heidelberg. Depuis 2013 j&rsquo;offre des consultations psychologiques en langue fran\u00e7aise et allemande. Par ailleurs je m&rsquo;engage dans la pr\u00e9vention des addictions dans les entreprises. La liste de &#8230; <\/p>\n<div><a href=\"https:\/\/madlen-sell.ch\/fr\/\" class=\"more-link\">Read More<\/a><\/div>\n","protected":false},"author":1,"featured_media":0,"parent":0,"menu_order":0,"comment_status":"closed","ping_status":"closed","template":"template-blank-4.php","meta":{"footnotes":""},"class_list":["post-567","page","type-page","status-publish","hentry","no-post-thumbnail"],"_links":{"self":[{"href":"https:\/\/madlen-sell.ch\/fr\/wp-json\/wp\/v2\/pages\/567","targetHints":{"allow":["GET"]}}],"collection":[{"href":"https:\/\/madlen-sell.ch\/fr\/wp-json\/wp\/v2\/pages"}],"about":[{"href":"https:\/\/madlen-sell.ch\/fr\/wp-json\/wp\/v2\/types\/page"}],"author":[{"embeddable":true,"href":"https:\/\/madlen-sell.ch\/fr\/wp-json\/wp\/v2\/users\/1"}],"replies":[{"embeddable":true,"href":"https:\/\/madlen-sell.ch\/fr\/wp-json\/wp\/v2\/comments?post=567"}],"version-history":[{"count":25,"href":"https:\/\/madlen-sell.ch\/fr\/wp-json\/wp\/v2\/pages\/567\/revisions"}],"predecessor-version":[{"id":896,"href":"https:\/\/madlen-sell.ch\/fr\/wp-json\/wp\/v2\/pages\/567\/revisions\/896"}],"wp:attachment":[{"href":"https:\/\/madlen-sell.ch\/fr\/wp-json\/wp\/v2\/media?parent=567"}],"curies":[{"name":"wp","href":"https:\/\/api.w.org\/{rel}","templated":true}]}}