{"id":589,"date":"2020-09-02T12:02:36","date_gmt":"2020-09-02T10:02:36","guid":{"rendered":"https:\/\/madlen-sell.ch\/?page_id=589"},"modified":"2024-09-05T23:22:30","modified_gmt":"2024-09-05T21:22:30","slug":"mentions-legales","status":"publish","type":"page","link":"https:\/\/madlen-sell.ch\/fr\/mentions-legales\/","title":{"rendered":"Mentions l\u00e9gales"},"content":{"rendered":"<div id=\"cs-content\" class=\"cs-content\"><\/div>\n","protected":false},"excerpt":{"rendered":"<p>Mentions l&eacute;galesConform\u00e9ment \u00e0 la loi pour la confiance dans l\u2019\u00e9conomie num\u00e9rique (LCEN) du 21 juin 2004, les mentions l\u00e9gales obligatoires concernant le site madlen-sell.ch sont indiqu\u00e9es sur cette page.&#x25b8;Propri\u00e9taireDr. med Madlen Sell Im Grossacher 9 8125 Zollikerberg Suisse E-mail: contact(at)madlen-sell(dot)de&#x25b8;Titres professionnelsDoctor medicinae (Dr. med.) Certifi\u00e9 par la Facult\u00e9 de m\u00e9decine de l&rsquo;Universit\u00e9 de Heidelberg (Allemagne) M\u00e9decin Certifi\u00e9 par le Regierungspr\u00e4sidium &#8230; <\/p>\n<div><a href=\"https:\/\/madlen-sell.ch\/fr\/mentions-legales\/\" class=\"more-link\">Read More<\/a><\/div>\n","protected":false},"author":1,"featured_media":0,"parent":0,"menu_order":0,"comment_status":"closed","ping_status":"closed","template":"template-blank-4.php","meta":{"footnotes":""},"class_list":["post-589","page","type-page","status-publish","hentry","no-post-thumbnail"],"_links":{"self":[{"href":"https:\/\/madlen-sell.ch\/fr\/wp-json\/wp\/v2\/pages\/589","targetHints":{"allow":["GET"]}}],"collection":[{"href":"https:\/\/madlen-sell.ch\/fr\/wp-json\/wp\/v2\/pages"}],"about":[{"href":"https:\/\/madlen-sell.ch\/fr\/wp-json\/wp\/v2\/types\/page"}],"author":[{"embeddable":true,"href":"https:\/\/madlen-sell.ch\/fr\/wp-json\/wp\/v2\/users\/1"}],"replies":[{"embeddable":true,"href":"https:\/\/madlen-sell.ch\/fr\/wp-json\/wp\/v2\/comments?post=589"}],"version-history":[{"count":6,"href":"https:\/\/madlen-sell.ch\/fr\/wp-json\/wp\/v2\/pages\/589\/revisions"}],"predecessor-version":[{"id":945,"href":"https:\/\/madlen-sell.ch\/fr\/wp-json\/wp\/v2\/pages\/589\/revisions\/945"}],"wp:attachment":[{"href":"https:\/\/madlen-sell.ch\/fr\/wp-json\/wp\/v2\/media?parent=589"}],"curies":[{"name":"wp","href":"https:\/\/api.w.org\/{rel}","templated":true}]}}