{"id":592,"date":"2020-09-02T12:15:20","date_gmt":"2020-09-02T10:15:20","guid":{"rendered":"https:\/\/madlen-sell.ch\/?page_id=592"},"modified":"2022-03-30T00:20:02","modified_gmt":"2022-03-29T22:20:02","slug":"regles-de-confidentialite","status":"publish","type":"page","link":"https:\/\/madlen-sell.ch\/fr\/regles-de-confidentialite\/","title":{"rendered":"R\u00e8gles de confidentialit\u00e9"},"content":{"rendered":"<div id=\"cs-content\" class=\"cs-content\"><\/div>\n","protected":false},"excerpt":{"rendered":"<p>R\u00e8gles de confidentialit\u00e9Donn\u00e9es personnellesCe site web utilise ni traceurs ni cookies. Conform\u00e9ment \u00e0 l&rsquo;article 27 de la loi du 6 janvier 1978, dite \u00abInformatique et libert\u00e9s\u00bb, vous disposez d&rsquo;un droit d&rsquo;acc\u00e8s, de rectification et de suppression relatif aux donn\u00e9es vous concernant dans les conditions de l&rsquo;article 34 de ladite loi. Contactez-moi \u00e0 l&rsquo;adresse suivante contact(at)madlen-sell(dot)de.<\/p>\n","protected":false},"author":1,"featured_media":0,"parent":0,"menu_order":0,"comment_status":"closed","ping_status":"closed","template":"template-blank-4.php","meta":{"footnotes":""},"class_list":["post-592","page","type-page","status-publish","hentry","no-post-thumbnail"],"_links":{"self":[{"href":"https:\/\/madlen-sell.ch\/fr\/wp-json\/wp\/v2\/pages\/592","targetHints":{"allow":["GET"]}}],"collection":[{"href":"https:\/\/madlen-sell.ch\/fr\/wp-json\/wp\/v2\/pages"}],"about":[{"href":"https:\/\/madlen-sell.ch\/fr\/wp-json\/wp\/v2\/types\/page"}],"author":[{"embeddable":true,"href":"https:\/\/madlen-sell.ch\/fr\/wp-json\/wp\/v2\/users\/1"}],"replies":[{"embeddable":true,"href":"https:\/\/madlen-sell.ch\/fr\/wp-json\/wp\/v2\/comments?post=592"}],"version-history":[{"count":7,"href":"https:\/\/madlen-sell.ch\/fr\/wp-json\/wp\/v2\/pages\/592\/revisions"}],"predecessor-version":[{"id":916,"href":"https:\/\/madlen-sell.ch\/fr\/wp-json\/wp\/v2\/pages\/592\/revisions\/916"}],"wp:attachment":[{"href":"https:\/\/madlen-sell.ch\/fr\/wp-json\/wp\/v2\/media?parent=592"}],"curies":[{"name":"wp","href":"https:\/\/api.w.org\/{rel}","templated":true}]}}